{"id":36642,"date":"2020-09-20T22:09:29","date_gmt":"2020-09-21T02:09:29","guid":{"rendered":"https:\/\/cuso.wpengine.com\/exigences-linguistiques\/"},"modified":"2020-10-22T21:14:03","modified_gmt":"2020-10-23T01:14:03","slug":"exigences-linguistiques","status":"publish","type":"page","link":"https:\/\/cusointernational.org\/fr\/exigences-linguistiques\/","title":{"rendered":"Exigences linguistiques"},"content":{"rendered":"\n<h1>\n\t\tExigences linguistiques\n\t<\/h1>\n<h5>\n\t\tLes exigences linguistiques de chaque placement ont \u00e9t\u00e9 d\u00e9finies en fonction du niveau de comp\u00e9tence requis en anglais pour accomplir le travail de fa\u00e7on ad\u00e9quate. La comp\u00e9tence langagi\u00e8re est \u00e9valu\u00e9e selon une \u00e9chelle de 1 \u00e0 5. Veuillez vous r\u00e9f\u00e9rer \u00e0 la description du poste pour connaitre la ou les langues exig\u00e9es.\n\t<\/h5>\n\t<h3>Niveau 1 &#8211; \u00c9l\u00e9mentaire<\/h3>\n<p>Le coop\u00e9rant-volontaire n\u2019a pas besoin d\u2019utiliser la langue au travail ou dans la communaut\u00e9.<\/p>\n<h3>Niveau 2 &#8211; De base<\/h3>\n<p>Le coop\u00e9rant-volontaire est en contact de fa\u00e7on semi r\u00e9guli\u00e8re avec des personnes qui parlent la langue et doit pouvoir entretenir un niveau minimum de conversation.<\/p>\n<h3>Niveau 3 &#8211; Interm\u00e9diaire<\/h3>\n<p>Le coop\u00e9rant-volontaire est en contact constant avec le public ou avec des membres du personnel qui doivent \u00eatre servis dans cette langue. Cette personne peut entretenir des conversations simples et comprendre des explications reli\u00e9es \u00e0 des t\u00e2ches ordinaires. Elle doit \u00eatre capable de fournir de simples explications et des r\u00e9ponses simples \u00e0 des questions concernant des sujets connus. La personne peut comprendre des explications \u00e9crites simples; elle est capable de comprendre les \u00e9changes lors des r\u00e9unions de travail et est capable d\u2019y participer. Elle peut \u00e9crire des proc\u00e9dures simples de nature r\u00e9p\u00e9titive. Elle est capable d\u2019\u00e9crire<br \/>de courts rapports, des documents et de la correspondance de base.<\/p>\n<h3>Niveau 4 &#8211; Avanc\u00e9e<\/h3>\n<p>Le coop\u00e9rant-volontaire est constamment et fr\u00e9quemment en contact avec le public ou avec des membres du personnel qui doivent \u00eatre servis dans cette langue. Cette personne communique et comprend toutes sortes de messages dans des situations inattendues et peut \u00e9valuer des situations d\u00e9licates. Elle comprend et fait face \u00e0 des situations requ\u00e9rant une analyse, \u00e0 des sujets d\u00e9licats dans des domains diversifi\u00e9s et sp\u00e9cialis\u00e9s; elle anime des r\u00e9unions de travail, argumente pour motiver, convaincre ou conseiller d\u2019autres personnes; elle \u00e9crit des rapports, des communiqu\u00e9s sur des sujets sp\u00e9cialis\u00e9s ou techniques pour usage interne ou externe.<\/p>\n<h3>Niveau 5 &#8211; Pleine ma\u00eetrise<\/h3>\n<p>Le coop\u00e9rant-volontaire ma\u00eetrise compl\u00e8tement la langue. Cette personne est fr\u00e9quemment et constamment en contact avec le public ou avec des membres du personnel qui doivent \u00eatre servis dans cette langue. Elle assiste \u00e0 des r\u00e9unions et soutient des points de vue sur des sujets sp\u00e9cialis\u00e9s en tant que porte-parole ou repr\u00e9sentant(e) de l\u2019organisation. Elle est capable de motiver, de convaincre, de conseiller et de d\u00e9fendre un point de vue dans une situation d\u00e9licate; elle analyse des documents sp\u00e9cialis\u00e9s complexes; elle \u00e9crit des documents de nature complexe ou sp\u00e9cialis\u00e9; elle est capable de faire des recommandations fond\u00e9es sur une analyse; elle \u00e9crit des documents refl\u00e9tant l\u2019image de l\u2019organisation.<\/p>\n<hr \/>\n<p><em>Le masculin est utilis\u00e9 pour all\u00e9ger le texte.<\/em><\/p>\n","protected":false},"excerpt":{"rendered":"<p>Exigences linguistiques Les exigences linguistiques de chaque placement ont \u00e9t\u00e9 d\u00e9finies en fonction du niveau de comp\u00e9tence requis en anglais pour accomplir le travail de fa\u00e7on ad\u00e9quate. La comp\u00e9tence langagi\u00e8re est \u00e9valu\u00e9e selon une \u00e9chelle de 1 \u00e0 5. Veuillez vous r\u00e9f\u00e9rer \u00e0 la description du poste pour connaitre la ou les langues exig\u00e9es. Niveau&hellip;<\/p>\n","protected":false},"author":6,"featured_media":32560,"parent":0,"menu_order":0,"comment_status":"closed","ping_status":"closed","template":"","meta":{"_acf_changed":false,"footnotes":""},"tags":[],"class_list":["post-36642","page","type-page","status-publish","has-post-thumbnail","hentry"],"acf":[],"yoast_head":"<!-- This site is optimized with the Yoast SEO plugin v27.5 - https:\/\/yoast.com\/product\/yoast-seo-wordpress\/ -->\n<title>Exigences linguistiques | Cuso International<\/title>\n<meta name=\"description\" content=\"Les programmes de d\u00e9veloppement et les coop\u00e9rants-volontaires de Cuso visent \u00e0 promouvoir l\u2019\u00e9galit\u00e9 entre les sexes et \u00e0 offrir de nouvelles perspectives \u00e9conomiques aux jeunes de quatre continents.\" \/>\n<meta name=\"robots\" content=\"index, follow, max-snippet:-1, max-image-preview:large, max-video-preview:-1\" \/>\n<link rel=\"canonical\" href=\"https:\/\/cusointernational.org\/fr\/exigences-linguistiques\/\" \/>\n<meta property=\"og:locale\" content=\"fr_FR\" \/>\n<meta property=\"og:type\" content=\"article\" \/>\n<meta property=\"og:title\" content=\"Exigences linguistiques | Cuso International\" \/>\n<meta property=\"og:description\" content=\"Les programmes de d\u00e9veloppement et les coop\u00e9rants-volontaires de Cuso visent \u00e0 promouvoir l\u2019\u00e9galit\u00e9 entre les sexes et \u00e0 offrir de nouvelles perspectives \u00e9conomiques aux jeunes de quatre continents.\" \/>\n<meta property=\"og:url\" content=\"https:\/\/cusointernational.org\/fr\/exigences-linguistiques\/\" \/>\n<meta property=\"og:site_name\" content=\"Cuso International\" \/>\n<meta property=\"article:modified_time\" content=\"2020-10-23T01:14:03+00:00\" \/>\n<meta property=\"og:image\" content=\"https:\/\/cusointernational.org\/wp-content\/uploads\/general-volunteer-skills-shar.jpg\" \/>\n\t<meta property=\"og:image:width\" content=\"1600\" \/>\n\t<meta property=\"og:image:height\" content=\"1000\" \/>\n\t<meta property=\"og:image:type\" content=\"image\/jpeg\" \/>\n<meta name=\"twitter:card\" content=\"summary_large_image\" \/>\n<meta name=\"twitter:label1\" content=\"Dur\u00e9e de lecture estim\u00e9e\" \/>\n\t<meta name=\"twitter:data1\" content=\"2 minutes\" \/>\n<script type=\"application\/ld+json\" class=\"yoast-schema-graph\">{\"@context\":\"https:\\\/\\\/schema.org\",\"@graph\":[{\"@type\":\"WebPage\",\"@id\":\"https:\\\/\\\/cusointernational.org\\\/fr\\\/exigences-linguistiques\\\/\",\"url\":\"https:\\\/\\\/cusointernational.org\\\/fr\\\/exigences-linguistiques\\\/\",\"name\":\"Exigences linguistiques | Cuso International\",\"isPartOf\":{\"@id\":\"https:\\\/\\\/cusointernational.org\\\/fr\\\/#website\"},\"primaryImageOfPage\":{\"@id\":\"https:\\\/\\\/cusointernational.org\\\/fr\\\/exigences-linguistiques\\\/#primaryimage\"},\"image\":{\"@id\":\"https:\\\/\\\/cusointernational.org\\\/fr\\\/exigences-linguistiques\\\/#primaryimage\"},\"thumbnailUrl\":\"https:\\\/\\\/cusointernational.org\\\/wp-content\\\/uploads\\\/general-volunteer-skills-shar.jpg\",\"datePublished\":\"2020-09-21T02:09:29+00:00\",\"dateModified\":\"2020-10-23T01:14:03+00:00\",\"description\":\"Les programmes de d\u00e9veloppement et les coop\u00e9rants-volontaires de Cuso visent \u00e0 promouvoir l\u2019\u00e9galit\u00e9 entre les sexes et \u00e0 offrir de nouvelles perspectives \u00e9conomiques aux jeunes de quatre continents.\",\"breadcrumb\":{\"@id\":\"https:\\\/\\\/cusointernational.org\\\/fr\\\/exigences-linguistiques\\\/#breadcrumb\"},\"inLanguage\":\"fr-FR\",\"potentialAction\":[{\"@type\":\"ReadAction\",\"target\":[\"https:\\\/\\\/cusointernational.org\\\/fr\\\/exigences-linguistiques\\\/\"]}]},{\"@type\":\"ImageObject\",\"inLanguage\":\"fr-FR\",\"@id\":\"https:\\\/\\\/cusointernational.org\\\/fr\\\/exigences-linguistiques\\\/#primaryimage\",\"url\":\"https:\\\/\\\/cusointernational.org\\\/wp-content\\\/uploads\\\/general-volunteer-skills-shar.jpg\",\"contentUrl\":\"https:\\\/\\\/cusointernational.org\\\/wp-content\\\/uploads\\\/general-volunteer-skills-shar.jpg\",\"width\":1600,\"height\":1000},{\"@type\":\"BreadcrumbList\",\"@id\":\"https:\\\/\\\/cusointernational.org\\\/fr\\\/exigences-linguistiques\\\/#breadcrumb\",\"itemListElement\":[{\"@type\":\"ListItem\",\"position\":1,\"name\":\"Home\",\"item\":\"https:\\\/\\\/cusointernational.org\\\/fr\\\/\"},{\"@type\":\"ListItem\",\"position\":2,\"name\":\"Exigences linguistiques\"}]},{\"@type\":\"WebSite\",\"@id\":\"https:\\\/\\\/cusointernational.org\\\/fr\\\/#website\",\"url\":\"https:\\\/\\\/cusointernational.org\\\/fr\\\/\",\"name\":\"Cuso International\",\"description\":\"Connecting communities around the world with skilled Canadians to help end poverty\",\"potentialAction\":[{\"@type\":\"SearchAction\",\"target\":{\"@type\":\"EntryPoint\",\"urlTemplate\":\"https:\\\/\\\/cusointernational.org\\\/fr\\\/?s={search_term_string}\"},\"query-input\":{\"@type\":\"PropertyValueSpecification\",\"valueRequired\":true,\"valueName\":\"search_term_string\"}}],\"inLanguage\":\"fr-FR\"}]}<\/script>\n<!-- \/ Yoast SEO plugin. -->","yoast_head_json":{"title":"Exigences linguistiques | Cuso International","description":"Les programmes de d\u00e9veloppement et les coop\u00e9rants-volontaires de Cuso visent \u00e0 promouvoir l\u2019\u00e9galit\u00e9 entre les sexes et \u00e0 offrir de nouvelles perspectives \u00e9conomiques aux jeunes de quatre continents.","robots":{"index":"index","follow":"follow","max-snippet":"max-snippet:-1","max-image-preview":"max-image-preview:large","max-video-preview":"max-video-preview:-1"},"canonical":"https:\/\/cusointernational.org\/fr\/exigences-linguistiques\/","og_locale":"fr_FR","og_type":"article","og_title":"Exigences linguistiques | Cuso International","og_description":"Les programmes de d\u00e9veloppement et les coop\u00e9rants-volontaires de Cuso visent \u00e0 promouvoir l\u2019\u00e9galit\u00e9 entre les sexes et \u00e0 offrir de nouvelles perspectives \u00e9conomiques aux jeunes de quatre continents.","og_url":"https:\/\/cusointernational.org\/fr\/exigences-linguistiques\/","og_site_name":"Cuso International","article_modified_time":"2020-10-23T01:14:03+00:00","og_image":[{"width":1600,"height":1000,"url":"https:\/\/cusointernational.org\/wp-content\/uploads\/general-volunteer-skills-shar.jpg","type":"image\/jpeg"}],"twitter_card":"summary_large_image","twitter_misc":{"Dur\u00e9e de lecture estim\u00e9e":"2 minutes"},"schema":{"@context":"https:\/\/schema.org","@graph":[{"@type":"WebPage","@id":"https:\/\/cusointernational.org\/fr\/exigences-linguistiques\/","url":"https:\/\/cusointernational.org\/fr\/exigences-linguistiques\/","name":"Exigences linguistiques | Cuso International","isPartOf":{"@id":"https:\/\/cusointernational.org\/fr\/#website"},"primaryImageOfPage":{"@id":"https:\/\/cusointernational.org\/fr\/exigences-linguistiques\/#primaryimage"},"image":{"@id":"https:\/\/cusointernational.org\/fr\/exigences-linguistiques\/#primaryimage"},"thumbnailUrl":"https:\/\/cusointernational.org\/wp-content\/uploads\/general-volunteer-skills-shar.jpg","datePublished":"2020-09-21T02:09:29+00:00","dateModified":"2020-10-23T01:14:03+00:00","description":"Les programmes de d\u00e9veloppement et les coop\u00e9rants-volontaires de Cuso visent \u00e0 promouvoir l\u2019\u00e9galit\u00e9 entre les sexes et \u00e0 offrir de nouvelles perspectives \u00e9conomiques aux jeunes de quatre continents.","breadcrumb":{"@id":"https:\/\/cusointernational.org\/fr\/exigences-linguistiques\/#breadcrumb"},"inLanguage":"fr-FR","potentialAction":[{"@type":"ReadAction","target":["https:\/\/cusointernational.org\/fr\/exigences-linguistiques\/"]}]},{"@type":"ImageObject","inLanguage":"fr-FR","@id":"https:\/\/cusointernational.org\/fr\/exigences-linguistiques\/#primaryimage","url":"https:\/\/cusointernational.org\/wp-content\/uploads\/general-volunteer-skills-shar.jpg","contentUrl":"https:\/\/cusointernational.org\/wp-content\/uploads\/general-volunteer-skills-shar.jpg","width":1600,"height":1000},{"@type":"BreadcrumbList","@id":"https:\/\/cusointernational.org\/fr\/exigences-linguistiques\/#breadcrumb","itemListElement":[{"@type":"ListItem","position":1,"name":"Home","item":"https:\/\/cusointernational.org\/fr\/"},{"@type":"ListItem","position":2,"name":"Exigences linguistiques"}]},{"@type":"WebSite","@id":"https:\/\/cusointernational.org\/fr\/#website","url":"https:\/\/cusointernational.org\/fr\/","name":"Cuso International","description":"Connecting communities around the world with skilled Canadians to help end poverty","potentialAction":[{"@type":"SearchAction","target":{"@type":"EntryPoint","urlTemplate":"https:\/\/cusointernational.org\/fr\/?s={search_term_string}"},"query-input":{"@type":"PropertyValueSpecification","valueRequired":true,"valueName":"search_term_string"}}],"inLanguage":"fr-FR"}]}},"_links":{"self":[{"href":"https:\/\/cusointernational.org\/fr\/wp-json\/wp\/v2\/pages\/36642","targetHints":{"allow":["GET"]}}],"collection":[{"href":"https:\/\/cusointernational.org\/fr\/wp-json\/wp\/v2\/pages"}],"about":[{"href":"https:\/\/cusointernational.org\/fr\/wp-json\/wp\/v2\/types\/page"}],"author":[{"embeddable":true,"href":"https:\/\/cusointernational.org\/fr\/wp-json\/wp\/v2\/users\/6"}],"replies":[{"embeddable":true,"href":"https:\/\/cusointernational.org\/fr\/wp-json\/wp\/v2\/comments?post=36642"}],"version-history":[{"count":0,"href":"https:\/\/cusointernational.org\/fr\/wp-json\/wp\/v2\/pages\/36642\/revisions"}],"wp:featuredmedia":[{"embeddable":true,"href":"https:\/\/cusointernational.org\/fr\/wp-json\/wp\/v2\/media\/32560"}],"wp:attachment":[{"href":"https:\/\/cusointernational.org\/fr\/wp-json\/wp\/v2\/media?parent=36642"}],"wp:term":[{"taxonomy":"post_tag","embeddable":true,"href":"https:\/\/cusointernational.org\/fr\/wp-json\/wp\/v2\/tags?post=36642"}],"curies":[{"name":"wp","href":"https:\/\/api.w.org\/{rel}","templated":true}]}}