{"id":36641,"date":"2020-09-18T16:42:54","date_gmt":"2020-09-18T20:42:54","guid":{"rendered":"https:\/\/cuso.wpengine.com\/des-resultats-durables\/"},"modified":"2023-02-22T22:54:40","modified_gmt":"2023-02-23T03:54:40","slug":"des-resultats-durables","status":"publish","type":"page","link":"https:\/\/cusointernational.org\/fr\/impact\/des-resultats-durables\/","title":{"rendered":"Des r\u00e9sultats durables"},"content":{"rendered":"\n\n\t<p>IMPACT<\/p>\n<h1>\n\t\tDes r\u00e9sultats durables\n\t<\/h1>\n\t<p>Nous construisons un avenir plus prosp\u00e8re et plus inclusif de fa\u00e7on extr\u00eamement efficace.<\/p>\n\t\t\t<a href=\"https:\/\/cusointernational.org\/fr\/faire-un-don\/\" target=\"_self\" role=\"button\" rel=\"noopener\">\n\t\t\t\t\t\tFAIRE UN DON\n\t\t\t\t\t<\/a>\n<h2>\n\t\tL&#8217;effet Cuso International\n\t<\/h2>\n\t<p>Nous savons que le changement commence par la transmission de connaissances. C&#8217;est pourquoi nous partageons les savoir-faire n\u00e9cessaires \u00e0 l&#8217;obtention de changements durables depuis pr\u00e8s de 60 ans. Des g\u00e9n\u00e9rations de femmes et d&#8217;hommes de plus de 100 pays ont particip\u00e9 \u00e0 des activit\u00e9s de formation, de mentorat et d&#8217;accompagnement pour parfaire leurs capacit\u00e9s. Riches de ces nouveaux savoirs, ils sont devenus formateurs et mentors \u00e0 leur tour, aidant ainsi un nombre incalculable de personnes. \u00ab Les femmes sont responsables du potager familial. Ce sont elles qui nourrissent leur famille. \u00bb Madame Sabine est mentore aupr\u00e8s d&#8217;autres cultivatrices. Elle leur apprend des techniques agricoles adapt\u00e9es aux changements climatiques gr\u00e2ce aux enseignements re\u00e7us de Nelly Rakotozafy, une coop\u00e9rante-volontaire de Cuso International.<\/p>\n\t\t\t<a href=\"https:\/\/cusointernational.org\/fr\/faire-un-don\/\" target=\"_self\" role=\"button\" rel=\"noopener\">\n\t\t\t\t\t\tFAIRE UN DON\n\t\t\t\t\t<\/a>\n<h3>\n\t\tDes impacts \u00e0 longueur d&#8217;ann\u00e9e\n\t<\/h3>\n\t\t<!-- Comment to fix spacing issue\n\t-->\n\t\t<h2>0 M+<\/h2>\n\t<!-- Comment to fix spacing issue\n\t-->\t\n\t<p>de personnes touch\u00e9es par les programmes et les partenariats de Cuso International.<\/p>\n\t\t<!-- Comment to fix spacing issue\n\t-->\n\t\t<h2>0<\/h2>\n\t<!-- Comment to fix spacing issue\n\t-->\t\n\t<p>donateurs, employ\u00e9s, partenaires et coop\u00e9rants-volontaires travaillent \u00e0 changer le monde.<\/p>\n\t\t<!-- Comment to fix spacing issue\n\t-->\n\t\t<h2>0%<\/h2>\n\t<!-- Comment to fix spacing issue\n\t-->\t\n\t<p>de nos b\u00e9n\u00e9ficiaires sont des femmes et des filles, soit les personnes les plus vuln\u00e9rables de la soci\u00e9t\u00e9.<\/p>\n\t<p>Nous misons sur le long terme. Partenariats \u00e0 long terme. Affectations \u00e0 long terme. R\u00e9sultats \u00e0 long terme. Nous nous attaquons aux enjeux de d\u00e9veloppement majeurs et apportons des changements essentiels et durables. Une approche que nous privil\u00e9gions depuis pr\u00e8s de 60 ans. Notre secret? Miser sur l&#8217;\u00e9ducation, l&#8217;autonomisation et des environnements favorables. Notre objectif : doter les gens des outils n\u00e9cessaires pour cr\u00e9er des d\u00e9bouch\u00e9s \u00e9conomiques, favoriser l&#8217;\u00e9galit\u00e9 entre les femmes et les hommes et am\u00e9liorer la sant\u00e9 de la population.<\/p>\n\tREGARDER: JENNICA&#8217;S STORY\n<h3>\n\t\t\u00ab J&#8217;ai plus confiance en moi depuis ma formation, et \u00e7a m&#8217;a donn\u00e9 le courage d&#8217;ouvrir la plus grande installation de transformation du manioc de ma communaut\u00e9. Je conseillerais aux femmes de ne pas se limiter aux attentes culturelles sur ce que peut ou ne peut pas faire une femme. \u00bb\n\t<\/h3>\n<h2>\n\t\tDes t\u00e9moignages inspirants\n\t<\/h2>\n\t<div class=\"stories_all grid_wrapper latest_two\"><div class=\"story_card_wrapper\"><div class=\"story_card_wrapper_content ken_burns\" style=\"background: url('https:\/\/cusointernational.org\/wp-content\/uploads\/Maureen-scaled.jpg') no-repeat\"><a style=\"display:block\" href=https:\/\/cusointernational.org\/fr\/recit\/une-passion-pour-la-nutrition-et-un-heritage-de-service\/><div class=\"story_card\"><div class=\"story_meta\"><span class=\"story_badge latest_two_badge\">Story<\/span><span class=\"story_date\">mars 10, 2026<\/span><\/div><div class=\"story_title\"><h3 class=\"h4 white\">Une Passion pour la Nutrition et un H\u00e9ritage de Service<\/h3><\/div><\/div><\/div><\/a><\/div><div class=\"story_card_wrapper\"><div class=\"story_card_wrapper_content ken_burns\" style=\"background: url('https:\/\/cusointernational.org\/wp-content\/uploads\/2025-09-12-DEMUS-Street-Activity-10.jpg') no-repeat\"><a style=\"display:block\" href=https:\/\/cusointernational.org\/fr\/recit\/briser-les-prejuges-et-les-stereotypes-lies-au-genre-grace-a-lhumour\/><div class=\"story_card\"><div class=\"story_meta\"><span class=\"story_badge latest_two_badge\">Story<\/span><span class=\"story_date\">mars 10, 2026<\/span><\/div><div class=\"story_title\"><h3 class=\"h4 white\">Briser les pr\u00e9jug\u00e9s et les st\u00e9r\u00e9otypes li\u00e9s au genre gr\u00e2ce \u00e0 l'humour<\/h3><\/div><\/div><\/div><\/a><\/div><\/div>\n<h2>\n\t\tInvestir dans la prosp\u00e9rit\u00e9\n\t<\/h2>\n\t<p>Vous aidez des gens \u00e0 acqu\u00e9rir des comp\u00e9tences et \u00e0 lutter contre la pauvret\u00e9 et les in\u00e9galit\u00e9s. Vous annoncez un avenir meilleur!<\/p>\n\t\t\t<a href=\"https:\/\/cusointernational.org\/fr\/faire-un-don\/\" target=\"_self\" role=\"button\" rel=\"noopener\">\n\t\t\t\t\t\tFAIRE UN DON\n\t\t\t\t\t<\/a>\n\n","protected":false},"excerpt":{"rendered":"<p>IMPACT Des r\u00e9sultats durables Nous construisons un avenir plus prosp\u00e8re et plus inclusif de fa\u00e7on extr\u00eamement efficace. FAIRE UN DON L&#8217;effet Cuso International Nous savons que le changement commence par la transmission de connaissances. C&#8217;est pourquoi nous partageons les savoir-faire n\u00e9cessaires \u00e0 l&#8217;obtention de changements durables depuis pr\u00e8s de 60 ans. Des g\u00e9n\u00e9rations de femmes&hellip;<\/p>\n","protected":false},"author":6,"featured_media":32578,"parent":36805,"menu_order":0,"comment_status":"closed","ping_status":"closed","template":"","meta":{"_acf_changed":false,"footnotes":""},"tags":[],"class_list":["post-36641","page","type-page","status-publish","has-post-thumbnail","hentry"],"acf":[],"yoast_head":"<!-- This site is optimized with the Yoast SEO plugin v27.3 - https:\/\/yoast.com\/product\/yoast-seo-wordpress\/ -->\n<title>Des r\u00e9sultats durables | Cuso International<\/title>\n<meta name=\"description\" content=\"Cuso&#039;s development programs &amp; international volunteers work to advance gender equality &amp; improve economic opportunities for youth across four continents.\" \/>\n<meta name=\"robots\" content=\"index, follow, max-snippet:-1, max-image-preview:large, max-video-preview:-1\" \/>\n<link rel=\"canonical\" href=\"https:\/\/cusointernational.org\/fr\/impact\/des-resultats-durables\/\" \/>\n<meta property=\"og:locale\" content=\"fr_FR\" \/>\n<meta property=\"og:type\" content=\"article\" \/>\n<meta property=\"og:title\" content=\"Des r\u00e9sultats durables | Cuso International\" \/>\n<meta property=\"og:description\" content=\"Cuso&#039;s development programs &amp; international volunteers work to advance gender equality &amp; improve economic opportunities for youth across four continents.\" \/>\n<meta property=\"og:url\" content=\"https:\/\/cusointernational.org\/fr\/impact\/des-resultats-durables\/\" \/>\n<meta property=\"og:site_name\" content=\"Cuso International\" \/>\n<meta property=\"article:modified_time\" content=\"2023-02-23T03:54:40+00:00\" \/>\n<meta property=\"og:image\" content=\"https:\/\/cusointernational.org\/wp-content\/uploads\/impact-results-hero.jpg\" \/>\n\t<meta property=\"og:image:width\" content=\"1600\" \/>\n\t<meta property=\"og:image:height\" content=\"1000\" \/>\n\t<meta property=\"og:image:type\" content=\"image\/jpeg\" \/>\n<meta name=\"twitter:card\" content=\"summary_large_image\" \/>\n<meta name=\"twitter:label1\" content=\"Dur\u00e9e de lecture estim\u00e9e\" \/>\n\t<meta name=\"twitter:data1\" content=\"2 minutes\" \/>\n<script type=\"application\/ld+json\" class=\"yoast-schema-graph\">{\"@context\":\"https:\\\/\\\/schema.org\",\"@graph\":[{\"@type\":\"WebPage\",\"@id\":\"https:\\\/\\\/cusointernational.org\\\/fr\\\/impact\\\/des-resultats-durables\\\/\",\"url\":\"https:\\\/\\\/cusointernational.org\\\/fr\\\/impact\\\/des-resultats-durables\\\/\",\"name\":\"Des r\u00e9sultats durables | Cuso International\",\"isPartOf\":{\"@id\":\"https:\\\/\\\/cusointernational.org\\\/fr\\\/#website\"},\"primaryImageOfPage\":{\"@id\":\"https:\\\/\\\/cusointernational.org\\\/fr\\\/impact\\\/des-resultats-durables\\\/#primaryimage\"},\"image\":{\"@id\":\"https:\\\/\\\/cusointernational.org\\\/fr\\\/impact\\\/des-resultats-durables\\\/#primaryimage\"},\"thumbnailUrl\":\"https:\\\/\\\/cusointernational.org\\\/wp-content\\\/uploads\\\/impact-results-hero.jpg\",\"datePublished\":\"2020-09-18T20:42:54+00:00\",\"dateModified\":\"2023-02-23T03:54:40+00:00\",\"description\":\"Cuso's development programs & international volunteers work to advance gender equality & improve economic opportunities for youth across four continents.\",\"breadcrumb\":{\"@id\":\"https:\\\/\\\/cusointernational.org\\\/fr\\\/impact\\\/des-resultats-durables\\\/#breadcrumb\"},\"inLanguage\":\"fr-FR\",\"potentialAction\":[{\"@type\":\"ReadAction\",\"target\":[\"https:\\\/\\\/cusointernational.org\\\/fr\\\/impact\\\/des-resultats-durables\\\/\"]}]},{\"@type\":\"ImageObject\",\"inLanguage\":\"fr-FR\",\"@id\":\"https:\\\/\\\/cusointernational.org\\\/fr\\\/impact\\\/des-resultats-durables\\\/#primaryimage\",\"url\":\"https:\\\/\\\/cusointernational.org\\\/wp-content\\\/uploads\\\/impact-results-hero.jpg\",\"contentUrl\":\"https:\\\/\\\/cusointernational.org\\\/wp-content\\\/uploads\\\/impact-results-hero.jpg\",\"width\":1600,\"height\":1000},{\"@type\":\"BreadcrumbList\",\"@id\":\"https:\\\/\\\/cusointernational.org\\\/fr\\\/impact\\\/des-resultats-durables\\\/#breadcrumb\",\"itemListElement\":[{\"@type\":\"ListItem\",\"position\":1,\"name\":\"Home\",\"item\":\"https:\\\/\\\/cusointernational.org\\\/fr\\\/\"},{\"@type\":\"ListItem\",\"position\":2,\"name\":\"Impact\",\"item\":\"https:\\\/\\\/cusointernational.org\\\/fr\\\/impact\\\/\"},{\"@type\":\"ListItem\",\"position\":3,\"name\":\"Des r\u00e9sultats durables\"}]},{\"@type\":\"WebSite\",\"@id\":\"https:\\\/\\\/cusointernational.org\\\/fr\\\/#website\",\"url\":\"https:\\\/\\\/cusointernational.org\\\/fr\\\/\",\"name\":\"Cuso International\",\"description\":\"Connecting communities around the world with skilled Canadians to help end poverty\",\"potentialAction\":[{\"@type\":\"SearchAction\",\"target\":{\"@type\":\"EntryPoint\",\"urlTemplate\":\"https:\\\/\\\/cusointernational.org\\\/fr\\\/?s={search_term_string}\"},\"query-input\":{\"@type\":\"PropertyValueSpecification\",\"valueRequired\":true,\"valueName\":\"search_term_string\"}}],\"inLanguage\":\"fr-FR\"}]}<\/script>\n<!-- \/ Yoast SEO plugin. -->","yoast_head_json":{"title":"Des r\u00e9sultats durables | Cuso International","description":"Cuso's development programs & international volunteers work to advance gender equality & improve economic opportunities for youth across four continents.","robots":{"index":"index","follow":"follow","max-snippet":"max-snippet:-1","max-image-preview":"max-image-preview:large","max-video-preview":"max-video-preview:-1"},"canonical":"https:\/\/cusointernational.org\/fr\/impact\/des-resultats-durables\/","og_locale":"fr_FR","og_type":"article","og_title":"Des r\u00e9sultats durables | Cuso International","og_description":"Cuso's development programs & international volunteers work to advance gender equality & improve economic opportunities for youth across four continents.","og_url":"https:\/\/cusointernational.org\/fr\/impact\/des-resultats-durables\/","og_site_name":"Cuso International","article_modified_time":"2023-02-23T03:54:40+00:00","og_image":[{"width":1600,"height":1000,"url":"https:\/\/cusointernational.org\/wp-content\/uploads\/impact-results-hero.jpg","type":"image\/jpeg"}],"twitter_card":"summary_large_image","twitter_misc":{"Dur\u00e9e de lecture estim\u00e9e":"2 minutes"},"schema":{"@context":"https:\/\/schema.org","@graph":[{"@type":"WebPage","@id":"https:\/\/cusointernational.org\/fr\/impact\/des-resultats-durables\/","url":"https:\/\/cusointernational.org\/fr\/impact\/des-resultats-durables\/","name":"Des r\u00e9sultats durables | Cuso International","isPartOf":{"@id":"https:\/\/cusointernational.org\/fr\/#website"},"primaryImageOfPage":{"@id":"https:\/\/cusointernational.org\/fr\/impact\/des-resultats-durables\/#primaryimage"},"image":{"@id":"https:\/\/cusointernational.org\/fr\/impact\/des-resultats-durables\/#primaryimage"},"thumbnailUrl":"https:\/\/cusointernational.org\/wp-content\/uploads\/impact-results-hero.jpg","datePublished":"2020-09-18T20:42:54+00:00","dateModified":"2023-02-23T03:54:40+00:00","description":"Cuso's development programs & international volunteers work to advance gender equality & improve economic opportunities for youth across four continents.","breadcrumb":{"@id":"https:\/\/cusointernational.org\/fr\/impact\/des-resultats-durables\/#breadcrumb"},"inLanguage":"fr-FR","potentialAction":[{"@type":"ReadAction","target":["https:\/\/cusointernational.org\/fr\/impact\/des-resultats-durables\/"]}]},{"@type":"ImageObject","inLanguage":"fr-FR","@id":"https:\/\/cusointernational.org\/fr\/impact\/des-resultats-durables\/#primaryimage","url":"https:\/\/cusointernational.org\/wp-content\/uploads\/impact-results-hero.jpg","contentUrl":"https:\/\/cusointernational.org\/wp-content\/uploads\/impact-results-hero.jpg","width":1600,"height":1000},{"@type":"BreadcrumbList","@id":"https:\/\/cusointernational.org\/fr\/impact\/des-resultats-durables\/#breadcrumb","itemListElement":[{"@type":"ListItem","position":1,"name":"Home","item":"https:\/\/cusointernational.org\/fr\/"},{"@type":"ListItem","position":2,"name":"Impact","item":"https:\/\/cusointernational.org\/fr\/impact\/"},{"@type":"ListItem","position":3,"name":"Des r\u00e9sultats durables"}]},{"@type":"WebSite","@id":"https:\/\/cusointernational.org\/fr\/#website","url":"https:\/\/cusointernational.org\/fr\/","name":"Cuso International","description":"Connecting communities around the world with skilled Canadians to help end poverty","potentialAction":[{"@type":"SearchAction","target":{"@type":"EntryPoint","urlTemplate":"https:\/\/cusointernational.org\/fr\/?s={search_term_string}"},"query-input":{"@type":"PropertyValueSpecification","valueRequired":true,"valueName":"search_term_string"}}],"inLanguage":"fr-FR"}]}},"_links":{"self":[{"href":"https:\/\/cusointernational.org\/fr\/wp-json\/wp\/v2\/pages\/36641","targetHints":{"allow":["GET"]}}],"collection":[{"href":"https:\/\/cusointernational.org\/fr\/wp-json\/wp\/v2\/pages"}],"about":[{"href":"https:\/\/cusointernational.org\/fr\/wp-json\/wp\/v2\/types\/page"}],"author":[{"embeddable":true,"href":"https:\/\/cusointernational.org\/fr\/wp-json\/wp\/v2\/users\/6"}],"replies":[{"embeddable":true,"href":"https:\/\/cusointernational.org\/fr\/wp-json\/wp\/v2\/comments?post=36641"}],"version-history":[{"count":0,"href":"https:\/\/cusointernational.org\/fr\/wp-json\/wp\/v2\/pages\/36641\/revisions"}],"up":[{"embeddable":true,"href":"https:\/\/cusointernational.org\/fr\/wp-json\/wp\/v2\/pages\/36805"}],"wp:featuredmedia":[{"embeddable":true,"href":"https:\/\/cusointernational.org\/fr\/wp-json\/wp\/v2\/media\/32578"}],"wp:attachment":[{"href":"https:\/\/cusointernational.org\/fr\/wp-json\/wp\/v2\/media?parent=36641"}],"wp:term":[{"taxonomy":"post_tag","embeddable":true,"href":"https:\/\/cusointernational.org\/fr\/wp-json\/wp\/v2\/tags?post=36641"}],"curies":[{"name":"wp","href":"https:\/\/api.w.org\/{rel}","templated":true}]}}