{"id":36589,"date":"2020-09-18T16:53:49","date_gmt":"2020-09-18T20:53:49","guid":{"rendered":"https:\/\/cuso.wpengine.com\/faire-un-don-dactions-ou-de-titres\/"},"modified":"2026-04-02T09:52:08","modified_gmt":"2026-04-02T13:52:08","slug":"actions","status":"publish","type":"page","link":"https:\/\/cusointernational.org\/fr\/actions\/","title":{"rendered":"Faire un don d\u2019actions ou de titres"},"content":{"rendered":"\n\n<h1>\n\t\t\tFaire un don d&#8217;actions ou de titres\t<\/h1>\n\t<p>Contribuer \u00e0 b\u00e2tir un monde plus juste est le meilleur investissement qui soit.<\/p>\n\t\t\t<a href=\"#steps\"  target=\"_self\">\n\t\t\t\t\t\t\tCOMMENCEZ\n\t\t\t\t\t<\/a>\n<h2>\n\t\t\tPourquoi faire un don d&#8217;actions ou de titres\t<\/h2>\n\t<p>Nous jumelons des communaut\u00e9s dans le besoin et des Canadiens hautement qualifi\u00e9s d\u00e9termin\u00e9s \u00e0 changer le monde. Faire un don d&#8217;actions ou de titres \u00e0 Cuso International, c&#8217;est s&#8217;assurer de poursuivre cette mission essentielle. De plus, vous aurez droit \u00e0 une exemption fiscale sur vos gains en capital. Non seulement vous paierez moins d&#8217;imp\u00f4t, mais vous recevrez \u00e9galement un re\u00e7u fiscal pour la pleine valeur marchande de votre don.<\/p>\n<h2>\n\t\t\tAdmissibilit\u00e9 et avantages fiscaux\t<\/h2>\n\t\t\t\t\t\t<h5>Titres admissibles<\/h5>\n\t\t\t<p>Actions, obligations, bons de souscription et parts de fonds communs de placement n\u00e9goci\u00e9s sur les grands march\u00e9s boursiers canadiens, \u00e9tasuniens et internationaux.<\/p>\n\t\t\t\t\t\t<h5>\u00c9valuation de la valeur des titres<\/h5>\n\t\t\t<p>La valeur des titres en vue de l&#8217;\u00e9mission d&#8217;un re\u00e7u aux fins de l&#8217;imp\u00f4t sera calcul\u00e9e \u00e0 la fermeture des march\u00e9s le jour o\u00f9 les titres seront d\u00e9pos\u00e9s dans le compte de Cuso International.<\/p>\n\t\t\t\t\t\t<h5>Meilleurs avantages fiscaux<\/h5>\n\t\t\t<p>Pour obtenir les meilleurs avantages fiscaux possibles, il est pr\u00e9f\u00e9rable de transf\u00e9rer directement vos titres \u00e0 Cuso International, plut\u00f4t que de les vendre et de donner la somme per\u00e7ue \u00e0 Cuso International par la suite.<\/p>\n<h3>\n\t\t\tTrois \u00e9tapes simples\t<\/h3>\n<h4>\n\t\t\t1. Entr\u00e9e en contact avec Cuso International\t<\/h4>\n\t<p>Avisez-nous de votre intention de nous faire un don de titres. Nous pourrons alors assurer le suivi de la transaction.<\/p>\n\t\t\t<a href=\"#connect\"  target=\"_self\">\n\t\t\t\t\t\t\tCommuniquer avec nous\n\t\t\t\t\t<\/a>\n<h4>\n\t\t\t2. Transfert de vos titres\t<\/h4>\n\t<p>Si vos titres se trouvent dans le compte de votre courtier, envoyez-lui notre formulaire de transfert de titres pour autoriser leur transfert \u00e9lectronique \u00e0 Cuso International. Si vous d\u00e9tenez un certificat d&#8217;actions, vous devrez effectuer vous-m\u00eame le transfert.<\/p>\n\t\t\t<a href=\"https:\/\/cusointernational.org\/wp-content\/uploads\/Gift-of-Publicly-Listed-Securities_FR-Current.pdf\"  target=\"_blank\" rel=\"noopener\"    rel=\"noopener\">\n\t\t\t\t\t\tT\u00c9L\u00c9CHARGER LE FORMULAIRE\n\t\t\t\t\t<\/a>\n<h4>\n\t\t\t3. \u00c9mission du re\u00e7u fiscal\t<\/h4>\n\t<p>Nous vous remettrons un re\u00e7u aux fins d&#8217;imp\u00f4t d\u00e8s la r\u00e9ception de la valeur des titres transf\u00e9r\u00e9s.<\/p>\n<h4>\n\t\t\tDonner au suivant sous forme de titres\t<\/h4>\n\t<p>\u00ab C&#8217;est important pour nous de savoir que du travail est fait pour am\u00e9liorer les conditions de vie des gens un peu partout sur la plan\u00e8te. Nous croyons fermement que tout le monde m\u00e9rite une vie exempte de pauvret\u00e9, peu importe notre lieu de naissance. Nous aimons le fait que Cuso International mise sur la collaboration avec ses partenaires locaux pour d\u00e9velopper leurs comp\u00e9tences \u00e0 long terme. Faire un don de titres est une excellente fa\u00e7on de soutenir la mission de Cuso International. En plus, \u00e7a nous permet de maximiser nos avantages fiscaux, puisque nous obtenons une d\u00e9duction sur le montant total du don tout en \u00e9vitant de payer de l&#8217;imp\u00f4t sur les gains en capital. En faisant un don de titres, nous donnons plus pour le m\u00eame montant net, et la marche \u00e0 suivre est super simple. \u00bb &#8211; Karen et Jonathan<\/p>\n<h3>\n\t\t\tNous vous accompagnerons \u00e0 chaque \u00e9tape\t<\/h3>\n\t<p>Nous sommes conscients qu&#8217;il s&#8217;agit d&#8217;une grosse d\u00e9cision. Nous sommes l\u00e0 pour vous si vous souhaitez en discuter avant de prendre une d\u00e9cision, et ce, sans aucune obligation de votre part. Nous prendrons simplement le temps de discuter avec vous et de r\u00e9pondre \u00e0 vos questions. Nous esp\u00e9rons avoir de vos nouvelles bient\u00f4t! Communiquez avec Caroline John (613) 829-7445 ext. 230, ou <a href=\"caroline.john@cusointernational.org\">caroline.john@cusointernational.org<\/a> pour en discuter. <\/p>\n\n","protected":false},"excerpt":{"rendered":"<p>Faire un don d&#8217;actions ou de titres Contribuer \u00e0 b\u00e2tir un monde plus juste est le meilleur investissement qui soit. COMMENCEZ Pourquoi faire un don d&#8217;actions ou de titres Nous jumelons des communaut\u00e9s dans le besoin et des Canadiens hautement qualifi\u00e9s d\u00e9termin\u00e9s \u00e0 changer le monde. Faire un don d&#8217;actions ou de titres \u00e0 Cuso&hellip;<\/p>\n","protected":false},"author":6,"featured_media":34230,"parent":0,"menu_order":0,"comment_status":"closed","ping_status":"closed","template":"","meta":{"_acf_changed":false,"footnotes":""},"tags":[],"class_list":["post-36589","page","type-page","status-publish","has-post-thumbnail","hentry"],"acf":[],"yoast_head":"<!-- This site is optimized with the Yoast SEO plugin v27.3 - https:\/\/yoast.com\/product\/yoast-seo-wordpress\/ -->\n<title>Faire un don d\u2019actions ou de titres | Cuso International<\/title>\n<meta name=\"description\" content=\"Cuso&#039;s development programs &amp; international volunteers work to advance gender equality &amp; improve economic opportunities for youth across four continents.\" \/>\n<meta name=\"robots\" content=\"index, follow, max-snippet:-1, max-image-preview:large, max-video-preview:-1\" \/>\n<link rel=\"canonical\" href=\"https:\/\/cusointernational.org\/fr\/actions\/\" \/>\n<meta property=\"og:locale\" content=\"fr_FR\" \/>\n<meta property=\"og:type\" content=\"article\" \/>\n<meta property=\"og:title\" content=\"Faire un don d\u2019actions ou de titres | Cuso International\" \/>\n<meta property=\"og:description\" content=\"Cuso&#039;s development programs &amp; international volunteers work to advance gender equality &amp; improve economic opportunities for youth across four continents.\" \/>\n<meta property=\"og:url\" content=\"https:\/\/cusointernational.org\/fr\/actions\/\" \/>\n<meta property=\"og:site_name\" content=\"Cuso International\" \/>\n<meta property=\"article:modified_time\" content=\"2026-04-02T13:52:08+00:00\" \/>\n<meta property=\"og:image\" content=\"https:\/\/cusointernational.org\/wp-content\/uploads\/DSCN0366_web.jpg\" \/>\n\t<meta property=\"og:image:width\" content=\"2000\" \/>\n\t<meta property=\"og:image:height\" content=\"1141\" \/>\n\t<meta property=\"og:image:type\" content=\"image\/jpeg\" \/>\n<meta name=\"twitter:card\" content=\"summary_large_image\" \/>\n<meta name=\"twitter:label1\" content=\"Dur\u00e9e de lecture estim\u00e9e\" \/>\n\t<meta name=\"twitter:data1\" content=\"3 minutes\" \/>\n<script type=\"application\/ld+json\" class=\"yoast-schema-graph\">{\"@context\":\"https:\\\/\\\/schema.org\",\"@graph\":[{\"@type\":\"WebPage\",\"@id\":\"https:\\\/\\\/cusointernational.org\\\/fr\\\/actions\\\/\",\"url\":\"https:\\\/\\\/cusointernational.org\\\/fr\\\/actions\\\/\",\"name\":\"Faire un don d\u2019actions ou de titres | Cuso International\",\"isPartOf\":{\"@id\":\"https:\\\/\\\/cusointernational.org\\\/fr\\\/#website\"},\"primaryImageOfPage\":{\"@id\":\"https:\\\/\\\/cusointernational.org\\\/fr\\\/actions\\\/#primaryimage\"},\"image\":{\"@id\":\"https:\\\/\\\/cusointernational.org\\\/fr\\\/actions\\\/#primaryimage\"},\"thumbnailUrl\":\"https:\\\/\\\/cusointernational.org\\\/wp-content\\\/uploads\\\/DSCN0366_web.jpg\",\"datePublished\":\"2020-09-18T20:53:49+00:00\",\"dateModified\":\"2026-04-02T13:52:08+00:00\",\"description\":\"Cuso's development programs & international volunteers work to advance gender equality & improve economic opportunities for youth across four continents.\",\"breadcrumb\":{\"@id\":\"https:\\\/\\\/cusointernational.org\\\/fr\\\/actions\\\/#breadcrumb\"},\"inLanguage\":\"fr-FR\",\"potentialAction\":[{\"@type\":\"ReadAction\",\"target\":[\"https:\\\/\\\/cusointernational.org\\\/fr\\\/actions\\\/\"]}]},{\"@type\":\"ImageObject\",\"inLanguage\":\"fr-FR\",\"@id\":\"https:\\\/\\\/cusointernational.org\\\/fr\\\/actions\\\/#primaryimage\",\"url\":\"https:\\\/\\\/cusointernational.org\\\/wp-content\\\/uploads\\\/DSCN0366_web.jpg\",\"contentUrl\":\"https:\\\/\\\/cusointernational.org\\\/wp-content\\\/uploads\\\/DSCN0366_web.jpg\",\"width\":2000,\"height\":1141,\"caption\":\"Woman with chickens\"},{\"@type\":\"BreadcrumbList\",\"@id\":\"https:\\\/\\\/cusointernational.org\\\/fr\\\/actions\\\/#breadcrumb\",\"itemListElement\":[{\"@type\":\"ListItem\",\"position\":1,\"name\":\"Home\",\"item\":\"https:\\\/\\\/cusointernational.org\\\/fr\\\/\"},{\"@type\":\"ListItem\",\"position\":2,\"name\":\"Faire un don d\u2019actions ou de titres\"}]},{\"@type\":\"WebSite\",\"@id\":\"https:\\\/\\\/cusointernational.org\\\/fr\\\/#website\",\"url\":\"https:\\\/\\\/cusointernational.org\\\/fr\\\/\",\"name\":\"Cuso International\",\"description\":\"Connecting communities around the world with skilled Canadians to help end poverty\",\"potentialAction\":[{\"@type\":\"SearchAction\",\"target\":{\"@type\":\"EntryPoint\",\"urlTemplate\":\"https:\\\/\\\/cusointernational.org\\\/fr\\\/?s={search_term_string}\"},\"query-input\":{\"@type\":\"PropertyValueSpecification\",\"valueRequired\":true,\"valueName\":\"search_term_string\"}}],\"inLanguage\":\"fr-FR\"}]}<\/script>\n<!-- \/ Yoast SEO plugin. -->","yoast_head_json":{"title":"Faire un don d\u2019actions ou de titres | Cuso International","description":"Cuso's development programs & international volunteers work to advance gender equality & improve economic opportunities for youth across four continents.","robots":{"index":"index","follow":"follow","max-snippet":"max-snippet:-1","max-image-preview":"max-image-preview:large","max-video-preview":"max-video-preview:-1"},"canonical":"https:\/\/cusointernational.org\/fr\/actions\/","og_locale":"fr_FR","og_type":"article","og_title":"Faire un don d\u2019actions ou de titres | Cuso International","og_description":"Cuso's development programs & international volunteers work to advance gender equality & improve economic opportunities for youth across four continents.","og_url":"https:\/\/cusointernational.org\/fr\/actions\/","og_site_name":"Cuso International","article_modified_time":"2026-04-02T13:52:08+00:00","og_image":[{"width":2000,"height":1141,"url":"https:\/\/cusointernational.org\/wp-content\/uploads\/DSCN0366_web.jpg","type":"image\/jpeg"}],"twitter_card":"summary_large_image","twitter_misc":{"Dur\u00e9e de lecture estim\u00e9e":"3 minutes"},"schema":{"@context":"https:\/\/schema.org","@graph":[{"@type":"WebPage","@id":"https:\/\/cusointernational.org\/fr\/actions\/","url":"https:\/\/cusointernational.org\/fr\/actions\/","name":"Faire un don d\u2019actions ou de titres | Cuso International","isPartOf":{"@id":"https:\/\/cusointernational.org\/fr\/#website"},"primaryImageOfPage":{"@id":"https:\/\/cusointernational.org\/fr\/actions\/#primaryimage"},"image":{"@id":"https:\/\/cusointernational.org\/fr\/actions\/#primaryimage"},"thumbnailUrl":"https:\/\/cusointernational.org\/wp-content\/uploads\/DSCN0366_web.jpg","datePublished":"2020-09-18T20:53:49+00:00","dateModified":"2026-04-02T13:52:08+00:00","description":"Cuso's development programs & international volunteers work to advance gender equality & improve economic opportunities for youth across four continents.","breadcrumb":{"@id":"https:\/\/cusointernational.org\/fr\/actions\/#breadcrumb"},"inLanguage":"fr-FR","potentialAction":[{"@type":"ReadAction","target":["https:\/\/cusointernational.org\/fr\/actions\/"]}]},{"@type":"ImageObject","inLanguage":"fr-FR","@id":"https:\/\/cusointernational.org\/fr\/actions\/#primaryimage","url":"https:\/\/cusointernational.org\/wp-content\/uploads\/DSCN0366_web.jpg","contentUrl":"https:\/\/cusointernational.org\/wp-content\/uploads\/DSCN0366_web.jpg","width":2000,"height":1141,"caption":"Woman with chickens"},{"@type":"BreadcrumbList","@id":"https:\/\/cusointernational.org\/fr\/actions\/#breadcrumb","itemListElement":[{"@type":"ListItem","position":1,"name":"Home","item":"https:\/\/cusointernational.org\/fr\/"},{"@type":"ListItem","position":2,"name":"Faire un don d\u2019actions ou de titres"}]},{"@type":"WebSite","@id":"https:\/\/cusointernational.org\/fr\/#website","url":"https:\/\/cusointernational.org\/fr\/","name":"Cuso International","description":"Connecting communities around the world with skilled Canadians to help end poverty","potentialAction":[{"@type":"SearchAction","target":{"@type":"EntryPoint","urlTemplate":"https:\/\/cusointernational.org\/fr\/?s={search_term_string}"},"query-input":{"@type":"PropertyValueSpecification","valueRequired":true,"valueName":"search_term_string"}}],"inLanguage":"fr-FR"}]}},"_links":{"self":[{"href":"https:\/\/cusointernational.org\/fr\/wp-json\/wp\/v2\/pages\/36589","targetHints":{"allow":["GET"]}}],"collection":[{"href":"https:\/\/cusointernational.org\/fr\/wp-json\/wp\/v2\/pages"}],"about":[{"href":"https:\/\/cusointernational.org\/fr\/wp-json\/wp\/v2\/types\/page"}],"author":[{"embeddable":true,"href":"https:\/\/cusointernational.org\/fr\/wp-json\/wp\/v2\/users\/6"}],"replies":[{"embeddable":true,"href":"https:\/\/cusointernational.org\/fr\/wp-json\/wp\/v2\/comments?post=36589"}],"version-history":[{"count":2,"href":"https:\/\/cusointernational.org\/fr\/wp-json\/wp\/v2\/pages\/36589\/revisions"}],"predecessor-version":[{"id":51195,"href":"https:\/\/cusointernational.org\/fr\/wp-json\/wp\/v2\/pages\/36589\/revisions\/51195"}],"wp:featuredmedia":[{"embeddable":true,"href":"https:\/\/cusointernational.org\/fr\/wp-json\/wp\/v2\/media\/34230"}],"wp:attachment":[{"href":"https:\/\/cusointernational.org\/fr\/wp-json\/wp\/v2\/media?parent=36589"}],"wp:term":[{"taxonomy":"post_tag","embeddable":true,"href":"https:\/\/cusointernational.org\/fr\/wp-json\/wp\/v2\/tags?post=36589"}],"curies":[{"name":"wp","href":"https:\/\/api.w.org\/{rel}","templated":true}]}}