{"id":36588,"date":"2020-09-18T16:55:54","date_gmt":"2020-09-18T20:55:54","guid":{"rendered":"https:\/\/cuso.wpengine.com\/nous-joindre\/"},"modified":"2024-08-01T10:03:05","modified_gmt":"2024-08-01T14:03:05","slug":"nous-joindre","status":"publish","type":"page","link":"https:\/\/cusointernational.org\/fr\/nous-joindre\/","title":{"rendered":"Nous joindre"},"content":{"rendered":"\n\n<h1>\n\t\tNous joindre\n\t<\/h1>\n<h5>\n\t\t Nous sommes toujours heureux d&#8217;avoir des nouvelles des gens qui partagent notre passion pour le d\u00e9veloppement international.\n\t<\/h5>\n\t\t\t<a href=\"#general-contact\" target=\"_self\" rel=\"noopener\">\n\t\t\t\t\t\t\tNOUS JOINDRE\n\t\t\t\t\t<\/a>\n\t<iframe src=\"https:\/\/www.google.com\/maps\/embed\/v1\/place?q=Cuso+International&#038;key=AIzaSyD09zQ9PNDNNy9TadMuzRV_UsPUoWKntt8\" aria-hidden=\"true\" title=\"Google Map of Cuso International\"><\/iframe>\n<h2>\n\t\tBureau principal de Cuso \u00e0 Ottawa\n\t<\/h2>\n\tCuso International<br \/>\n123, rue Slater, bureau 800<br \/>\nOttawa ON K1P 5H2<br \/>\nCanada\n<p>&nbsp;<\/p>\nCourriel : <a href=\"mailto:questions@cusointernational.org\">questions@cusointernational.org<\/a><br \/>\nSans frais : <a href=\"tel:18884342876\">+1.888.434.2876<\/a><br \/>\nAppels locaux : <a href=\"tel:6138297445\">+1.613.829.7445<\/a>\n<h2>\n\t\tDemande de renseignements\n\t<\/h2>\n\t\t\t\t\t\t<h5>Coop\u00e9ration volontaire<\/h5>\n\t\t\t<p>Pour de l&#8217;information sur la coop\u00e9ration volontaire, consultez la section <a href=\"https:\/\/cusointernational.org\/fr\/cooperation-volontaire\/cooperation-volontaire\/\">qui y est consacr\u00e9e<\/a> ainsi que la liste des <a href=\"https:\/\/cusointernational.org\/fr\/ways-to-take-action\/volunteering\/placements\">affectations disponibles<\/a>.<\/p>\n\t\t\t\t\t\t<h5>Admissibilit\u00e9 \u00e0 la Prestation canadienne d&#8217;urgence<\/h5>\n\t\t\t<p>\u00c9crivez \u00e0 Charlene Armstrong (<a href=\"mailto:charlene.armstrong@cusointernational.org\">charlene.armstrong@cusointernational.org<\/a>) si vous souhaitez demander la Prestation canadienne d&#8217;urgence (PCU) et que vous avez besoin d&#8217;une lettre de Cuso International confirmant les dates de votre affectation et le montant de votre allocation mensuelle<\/p>\n\t\t\t\t\t\t<h5>Dons<\/h5>\n\t\t\t<p>Pour de l&#8217;information sur les fa\u00e7ons de faire un don pour soutenir notre mission, consultez la section Faire un don ou communiquez avec Christine (<a href=\"tel:18884342876;222\">1.888.434.2876, poste 222<\/a>, ou <a tabindex=\"-1\" title=\"mailto:donorrelations@cusointernational.org\" href=\"mailto:donorrelations@cusointernational.org\" target=\"_blank\" rel=\"noopener noreferrer\" aria-label=\"Link donorrelations@cusointernational.org\">donorrelations@cusointernational.org<\/a>).<\/p>\n\t\t\t\t\t\t<h5>Anciens de Cuso<\/h5>\n\t\t\t<p>Vous \u00eates un ancien de Cuso? Vous voudriez obtenir de l&#8217;information sur nos activit\u00e9s, entrer en contact avec d&#8217;autres anciens coop\u00e9rants-volontaires ou faire du b\u00e9n\u00e9volat avec nous? \u00c9crivez-nous \u00e0 <a href=\"mailto:alumni@cusointernational.org\">alumni@cusointernational.org<\/a>.<\/p>\n\t\t\t\t\t\t<h5>M\u00e9dias<\/h5>\n\t\t\t<p>Pour toutes les demandes de renseignement des m\u00e9dias, communiquez avec Sally Douglas <a href=\"mailto:sally.douglas@cusointernational.org\" target=\"_blank\" rel=\"noopener\">sally.douglas@cusointernational.org<\/a><\/p>\n\t\t\t\t\t\t<h5>Image de marque<\/h5>\n\t\t\t<p>Pour toutes les requ\u00eates relatives \u00e0 l&#8217;image de marque et au logo de Cuso International, communiquez avec <a href=\"mailto:editor@cusointernational.org\">editor@cusointernational.org<\/a>.<\/p>\n<h3>\n\t\tAutres bureaux de Cuso\n\t<\/h3>\n<h4>\n\t\tCuso International, Toronto\n\t<\/h4>\n\t192, avenue Spadina Ave., Suite 300<br \/>\nToronto, Ontario<br \/>\nM5T 2C2<br \/>\nCanada\nCourriel : <a href=\"mailto:info@cusointernational.org\">info@cusointernational.org<\/a><br \/>\nT\u00e9l : <strong>1.888.434.2876 x 204<\/strong>\u00a0\n<h4>\n\t\tCuso International, Montr\u00e9al\n\t<\/h4>\n\tCP 22541 CSP MONKLAND<br \/>\nMontr\u00e9al, Qu\u00e9bec<br \/>\nH4A3T4\nCourriel : <a href=\"mailto:info@cusointernational.org\">info@cusointernational.org<\/a><br \/>\nT\u00e9l : <a href=\"tel:5142768528\">+1.514.276.8528<\/a>\n\n","protected":false},"excerpt":{"rendered":"<p>Nous joindre Nous sommes toujours heureux d&#8217;avoir des nouvelles des gens qui partagent notre passion pour le d\u00e9veloppement international. NOUS JOINDRE Bureau principal de Cuso \u00e0 Ottawa Cuso International 123, rue Slater, bureau 800 Ottawa ON K1P 5H2 Canada &nbsp; Courriel : questions@cusointernational.org Sans frais : +1.888.434.2876 Appels locaux : +1.613.829.7445 Demande de renseignements Coop\u00e9ration&hellip;<\/p>\n","protected":false},"author":6,"featured_media":36287,"parent":0,"menu_order":0,"comment_status":"closed","ping_status":"closed","template":"","meta":{"_acf_changed":false,"footnotes":""},"tags":[],"class_list":["post-36588","page","type-page","status-publish","has-post-thumbnail","hentry"],"acf":[],"yoast_head":"<!-- This site is optimized with the Yoast SEO plugin v27.3 - https:\/\/yoast.com\/product\/yoast-seo-wordpress\/ -->\n<title>Nous joindre | Cuso International<\/title>\n<meta name=\"description\" content=\"Cuso&#039;s development programs &amp; international volunteers work to advance gender equality &amp; improve economic opportunities for youth across four continents.\" \/>\n<meta name=\"robots\" content=\"index, follow, max-snippet:-1, max-image-preview:large, max-video-preview:-1\" \/>\n<link rel=\"canonical\" href=\"https:\/\/cusointernational.org\/fr\/nous-joindre\/\" \/>\n<meta property=\"og:locale\" content=\"fr_FR\" \/>\n<meta property=\"og:type\" content=\"article\" \/>\n<meta property=\"og:title\" content=\"Nous joindre | Cuso International\" \/>\n<meta property=\"og:description\" content=\"Cuso&#039;s development programs &amp; international volunteers work to advance gender equality &amp; improve economic opportunities for youth across four continents.\" \/>\n<meta property=\"og:url\" content=\"https:\/\/cusointernational.org\/fr\/nous-joindre\/\" \/>\n<meta property=\"og:site_name\" content=\"Cuso International\" \/>\n<meta property=\"article:modified_time\" content=\"2024-08-01T14:03:05+00:00\" \/>\n<meta property=\"og:image\" content=\"https:\/\/cusointernational.org\/wp-content\/uploads\/general-smiling-woman.jpg\" \/>\n\t<meta property=\"og:image:width\" content=\"1600\" \/>\n\t<meta property=\"og:image:height\" content=\"1000\" \/>\n\t<meta property=\"og:image:type\" content=\"image\/jpeg\" \/>\n<meta name=\"twitter:card\" content=\"summary_large_image\" \/>\n<meta name=\"twitter:label1\" content=\"Dur\u00e9e de lecture estim\u00e9e\" \/>\n\t<meta name=\"twitter:data1\" content=\"1 minute\" \/>\n<script type=\"application\/ld+json\" class=\"yoast-schema-graph\">{\"@context\":\"https:\\\/\\\/schema.org\",\"@graph\":[{\"@type\":\"WebPage\",\"@id\":\"https:\\\/\\\/cusointernational.org\\\/fr\\\/nous-joindre\\\/\",\"url\":\"https:\\\/\\\/cusointernational.org\\\/fr\\\/nous-joindre\\\/\",\"name\":\"Nous joindre | Cuso International\",\"isPartOf\":{\"@id\":\"https:\\\/\\\/cusointernational.org\\\/fr\\\/#website\"},\"primaryImageOfPage\":{\"@id\":\"https:\\\/\\\/cusointernational.org\\\/fr\\\/nous-joindre\\\/#primaryimage\"},\"image\":{\"@id\":\"https:\\\/\\\/cusointernational.org\\\/fr\\\/nous-joindre\\\/#primaryimage\"},\"thumbnailUrl\":\"https:\\\/\\\/cusointernational.org\\\/wp-content\\\/uploads\\\/general-smiling-woman.jpg\",\"datePublished\":\"2020-09-18T20:55:54+00:00\",\"dateModified\":\"2024-08-01T14:03:05+00:00\",\"description\":\"Cuso's development programs & international volunteers work to advance gender equality & improve economic opportunities for youth across four continents.\",\"breadcrumb\":{\"@id\":\"https:\\\/\\\/cusointernational.org\\\/fr\\\/nous-joindre\\\/#breadcrumb\"},\"inLanguage\":\"fr-FR\",\"potentialAction\":[{\"@type\":\"ReadAction\",\"target\":[\"https:\\\/\\\/cusointernational.org\\\/fr\\\/nous-joindre\\\/\"]}]},{\"@type\":\"ImageObject\",\"inLanguage\":\"fr-FR\",\"@id\":\"https:\\\/\\\/cusointernational.org\\\/fr\\\/nous-joindre\\\/#primaryimage\",\"url\":\"https:\\\/\\\/cusointernational.org\\\/wp-content\\\/uploads\\\/general-smiling-woman.jpg\",\"contentUrl\":\"https:\\\/\\\/cusointernational.org\\\/wp-content\\\/uploads\\\/general-smiling-woman.jpg\",\"width\":1600,\"height\":1000,\"caption\":\"Smiling woman working in a field with palm trees\"},{\"@type\":\"BreadcrumbList\",\"@id\":\"https:\\\/\\\/cusointernational.org\\\/fr\\\/nous-joindre\\\/#breadcrumb\",\"itemListElement\":[{\"@type\":\"ListItem\",\"position\":1,\"name\":\"Home\",\"item\":\"https:\\\/\\\/cusointernational.org\\\/fr\\\/\"},{\"@type\":\"ListItem\",\"position\":2,\"name\":\"Nous joindre\"}]},{\"@type\":\"WebSite\",\"@id\":\"https:\\\/\\\/cusointernational.org\\\/fr\\\/#website\",\"url\":\"https:\\\/\\\/cusointernational.org\\\/fr\\\/\",\"name\":\"Cuso International\",\"description\":\"Connecting communities around the world with skilled Canadians to help end poverty\",\"potentialAction\":[{\"@type\":\"SearchAction\",\"target\":{\"@type\":\"EntryPoint\",\"urlTemplate\":\"https:\\\/\\\/cusointernational.org\\\/fr\\\/?s={search_term_string}\"},\"query-input\":{\"@type\":\"PropertyValueSpecification\",\"valueRequired\":true,\"valueName\":\"search_term_string\"}}],\"inLanguage\":\"fr-FR\"}]}<\/script>\n<!-- \/ Yoast SEO plugin. -->","yoast_head_json":{"title":"Nous joindre | Cuso International","description":"Cuso's development programs & international volunteers work to advance gender equality & improve economic opportunities for youth across four continents.","robots":{"index":"index","follow":"follow","max-snippet":"max-snippet:-1","max-image-preview":"max-image-preview:large","max-video-preview":"max-video-preview:-1"},"canonical":"https:\/\/cusointernational.org\/fr\/nous-joindre\/","og_locale":"fr_FR","og_type":"article","og_title":"Nous joindre | Cuso International","og_description":"Cuso's development programs & international volunteers work to advance gender equality & improve economic opportunities for youth across four continents.","og_url":"https:\/\/cusointernational.org\/fr\/nous-joindre\/","og_site_name":"Cuso International","article_modified_time":"2024-08-01T14:03:05+00:00","og_image":[{"width":1600,"height":1000,"url":"https:\/\/cusointernational.org\/wp-content\/uploads\/general-smiling-woman.jpg","type":"image\/jpeg"}],"twitter_card":"summary_large_image","twitter_misc":{"Dur\u00e9e de lecture estim\u00e9e":"1 minute"},"schema":{"@context":"https:\/\/schema.org","@graph":[{"@type":"WebPage","@id":"https:\/\/cusointernational.org\/fr\/nous-joindre\/","url":"https:\/\/cusointernational.org\/fr\/nous-joindre\/","name":"Nous joindre | Cuso International","isPartOf":{"@id":"https:\/\/cusointernational.org\/fr\/#website"},"primaryImageOfPage":{"@id":"https:\/\/cusointernational.org\/fr\/nous-joindre\/#primaryimage"},"image":{"@id":"https:\/\/cusointernational.org\/fr\/nous-joindre\/#primaryimage"},"thumbnailUrl":"https:\/\/cusointernational.org\/wp-content\/uploads\/general-smiling-woman.jpg","datePublished":"2020-09-18T20:55:54+00:00","dateModified":"2024-08-01T14:03:05+00:00","description":"Cuso's development programs & international volunteers work to advance gender equality & improve economic opportunities for youth across four continents.","breadcrumb":{"@id":"https:\/\/cusointernational.org\/fr\/nous-joindre\/#breadcrumb"},"inLanguage":"fr-FR","potentialAction":[{"@type":"ReadAction","target":["https:\/\/cusointernational.org\/fr\/nous-joindre\/"]}]},{"@type":"ImageObject","inLanguage":"fr-FR","@id":"https:\/\/cusointernational.org\/fr\/nous-joindre\/#primaryimage","url":"https:\/\/cusointernational.org\/wp-content\/uploads\/general-smiling-woman.jpg","contentUrl":"https:\/\/cusointernational.org\/wp-content\/uploads\/general-smiling-woman.jpg","width":1600,"height":1000,"caption":"Smiling woman working in a field with palm trees"},{"@type":"BreadcrumbList","@id":"https:\/\/cusointernational.org\/fr\/nous-joindre\/#breadcrumb","itemListElement":[{"@type":"ListItem","position":1,"name":"Home","item":"https:\/\/cusointernational.org\/fr\/"},{"@type":"ListItem","position":2,"name":"Nous joindre"}]},{"@type":"WebSite","@id":"https:\/\/cusointernational.org\/fr\/#website","url":"https:\/\/cusointernational.org\/fr\/","name":"Cuso International","description":"Connecting communities around the world with skilled Canadians to help end poverty","potentialAction":[{"@type":"SearchAction","target":{"@type":"EntryPoint","urlTemplate":"https:\/\/cusointernational.org\/fr\/?s={search_term_string}"},"query-input":{"@type":"PropertyValueSpecification","valueRequired":true,"valueName":"search_term_string"}}],"inLanguage":"fr-FR"}]}},"_links":{"self":[{"href":"https:\/\/cusointernational.org\/fr\/wp-json\/wp\/v2\/pages\/36588","targetHints":{"allow":["GET"]}}],"collection":[{"href":"https:\/\/cusointernational.org\/fr\/wp-json\/wp\/v2\/pages"}],"about":[{"href":"https:\/\/cusointernational.org\/fr\/wp-json\/wp\/v2\/types\/page"}],"author":[{"embeddable":true,"href":"https:\/\/cusointernational.org\/fr\/wp-json\/wp\/v2\/users\/6"}],"replies":[{"embeddable":true,"href":"https:\/\/cusointernational.org\/fr\/wp-json\/wp\/v2\/comments?post=36588"}],"version-history":[{"count":0,"href":"https:\/\/cusointernational.org\/fr\/wp-json\/wp\/v2\/pages\/36588\/revisions"}],"wp:featuredmedia":[{"embeddable":true,"href":"https:\/\/cusointernational.org\/fr\/wp-json\/wp\/v2\/media\/36287"}],"wp:attachment":[{"href":"https:\/\/cusointernational.org\/fr\/wp-json\/wp\/v2\/media?parent=36588"}],"wp:term":[{"taxonomy":"post_tag","embeddable":true,"href":"https:\/\/cusointernational.org\/fr\/wp-json\/wp\/v2\/tags?post=36588"}],"curies":[{"name":"wp","href":"https:\/\/api.w.org\/{rel}","templated":true}]}}