{"id":36587,"date":"2020-09-18T16:54:19","date_gmt":"2020-09-18T20:54:19","guid":{"rendered":"https:\/\/cuso.wpengine.com\/travailler-chez-cuso\/"},"modified":"2025-05-14T13:30:15","modified_gmt":"2025-05-14T17:30:15","slug":"travailler-chez-cuso","status":"publish","type":"page","link":"https:\/\/cusointernational.org\/fr\/travailler-chez-cuso\/","title":{"rendered":"Travailler chez Cuso International"},"content":{"rendered":"\n\n<h1>\n\t\t\tTravailler chez Cuso International\t<\/h1>\n<h5>\n\t\t\tFaites partie de notre \u00e9quipe et devenez un moteur de changement.\t<\/h5>\n\t\t\t<a href=\"https:\/\/cusointernational.bamboohr.com\/careers\/?lang=fr\" target=\"_blank\" rel=\"noopener\">\n\t\t\t\t\t\t\tVOIR LES POSTES OFFERTS\n\t\t\t\t\t<\/a>\n<h2>\n\t\t\tPourquoi travailler chez Cuso International\t<\/h2>\n\t<p>Vous \u00eates \u00e0 la recherche d&#8217;une carri\u00e8re enrichissante vous permettant d&#8217;apporter des solutions durables aux probl\u00e8mes de pauvret\u00e9 et d&#8217;in\u00e9galit\u00e9? Cuso International a ce qu&#8217;il vous faut!<\/p>\n<p>Cuso International est un employeur offrant l&#8217;\u00e9galit\u00e9 professionnelle et encourageant les candidatures de toutes les personnes qualifi\u00e9es. Des accommodements seront offerts \u00e0 toutes les \u00e9tapes du processus d&#8217;embauche aux personnes qui en feront la demande.<\/p>\n\t\t\t<a href=\"https:\/\/curawebservices.mindscope.com\/CUSOIN04422_CURA\/aspx\/JobSearch.aspx?lang=Francais\" target=\"_blank\" rel=\"noopener\">\n\t\t\t\t\t\t\tVOIR LES POSTES OFFERTS\n\t\t\t\t\t<\/a>\n<h3>\n\t\t\tLa particularit\u00e9 de Cuso International\t<\/h3>\n\t\t\t\t<img decoding=\"async\" src=\"https:\/\/cusointernational.org\/wp-content\/uploads\/icon-careers-support.svg\" alt=\"Career icon\" itemprop=\"image\" height=\"112\" width=\"112\" title=\"icon-careers-support\" onerror=\"this.style.display='none'\" loading='lazy' \/>\n<h4>\n\t\t\tUne culture organisationnelle ax\u00e9e sur la solidarit\u00e9\t<\/h4>\n\t<p>Chez Cuso International, nous avons une attitude positive et aimons travailler dans un environnement diversifi\u00e9. Nous sommes toujours pr\u00eats \u00e0 relever de nouveaux d\u00e9fis, avec souplesse et ouverture d&#8217;esprit.<\/p>\n\t\t\t\t<img decoding=\"async\" src=\"https:\/\/cusointernational.org\/wp-content\/uploads\/icon-career-intention.svg\" alt=\"Flag and heart icon\" itemprop=\"image\" height=\"112\" width=\"112\" title=\"icon-career-intention\" onerror=\"this.style.display='none'\" loading='lazy' \/>\n<h4>\n\t\t\tUne carri\u00e8re inspirante\t<\/h4>\n\t<p>Aidez-nous \u00e0 concr\u00e9tiser notre vision d&#8217;un monde o\u00f9 chacun sera en mesure de r\u00e9aliser son plein potentiel, de d\u00e9velopper ses comp\u00e9tences et de participer pleinement \u00e0 la soci\u00e9t\u00e9.<\/p>\n\t\t\t\t<img decoding=\"async\" src=\"https:\/\/cusointernational.org\/wp-content\/uploads\/icon-careers-profdev.svg\" alt=\"Careers icon\" itemprop=\"image\" height=\"112\" width=\"112\" title=\"icon-careers-profdev\" onerror=\"this.style.display='none'\" loading='lazy' \/>\n<h4>\n\t\t\tPerfectionnement professionnel\t<\/h4>\n\t<p>Cuso International offre un milieu de travail propice \u00e0 l&#8217;apprentissage et au perfectionnement, ainsi qu&#8217;une occasion formidable de mettre son expertise professionnelle au service d&#8217;une bonne cause.<\/p>\n<h3>\n\t\t\t\u00ab Faire du b\u00e9n\u00e9volat avec Cuso International en Colombie a \u00e9t\u00e9 une exp\u00e9rience profond\u00e9ment transformatrice. Elle a renforc\u00e9 mon engagement envers l&#8217;\u00e9quit\u00e9 mondiale et m&#8217;a appris la valeur du dialogue interculturel. Aujourd&#8217;hui, en tant que gestionnaire du programme Autochtones Canada, je poursuis cette mission en b\u00e2tissant des ponts entre les cultures, guid\u00e9e par le m\u00eame esprit de collaboration et de respect qui a marqu\u00e9 mon parcours avec Cuso. \u00bb \t<\/h3>\n\t\t\t<a href=\"https:\/\/curawebservices.mindscope.com\/CUSOIN04422_CURA\/aspx\/JobSearch.aspx?lang=Francais\" target=\"_blank\" rel=\"noopener\">\n\t\t\t\t\t\t\tVOIR LES POSTES OFFERTS\n\t\t\t\t\t<\/a>\n\n","protected":false},"excerpt":{"rendered":"<p>Travailler chez Cuso International Faites partie de notre \u00e9quipe et devenez un moteur de changement. VOIR LES POSTES OFFERTS Pourquoi travailler chez Cuso International Vous \u00eates \u00e0 la recherche d&#8217;une carri\u00e8re enrichissante vous permettant d&#8217;apporter des solutions durables aux probl\u00e8mes de pauvret\u00e9 et d&#8217;in\u00e9galit\u00e9? Cuso International a ce qu&#8217;il vous faut! Cuso International est un&hellip;<\/p>\n","protected":false},"author":6,"featured_media":32470,"parent":0,"menu_order":0,"comment_status":"closed","ping_status":"closed","template":"","meta":{"_acf_changed":false,"footnotes":""},"tags":[],"class_list":["post-36587","page","type-page","status-publish","has-post-thumbnail","hentry"],"acf":[],"yoast_head":"<!-- This site is optimized with the Yoast SEO plugin v27.4 - https:\/\/yoast.com\/product\/yoast-seo-wordpress\/ -->\n<title>Travailler chez Cuso | Cuso International<\/title>\n<meta name=\"description\" content=\"Cuso&#039;s development programs &amp; international volunteers work to advance gender equality &amp; improve economic opportunities for youth across four continents.\" \/>\n<meta name=\"robots\" content=\"index, follow, max-snippet:-1, max-image-preview:large, max-video-preview:-1\" \/>\n<link rel=\"canonical\" href=\"https:\/\/cusointernational.org\/fr\/travailler-chez-cuso\/\" \/>\n<meta property=\"og:locale\" content=\"fr_FR\" \/>\n<meta property=\"og:type\" content=\"article\" \/>\n<meta property=\"og:title\" content=\"Travailler chez Cuso | Cuso International\" \/>\n<meta property=\"og:description\" content=\"Cuso&#039;s development programs &amp; international volunteers work to advance gender equality &amp; improve economic opportunities for youth across four continents.\" \/>\n<meta property=\"og:url\" content=\"https:\/\/cusointernational.org\/fr\/travailler-chez-cuso\/\" \/>\n<meta property=\"og:site_name\" content=\"Cuso International\" \/>\n<meta property=\"article:modified_time\" content=\"2025-05-14T17:30:15+00:00\" \/>\n<meta property=\"og:image\" content=\"https:\/\/cusointernational.org\/wp-content\/uploads\/careers-hero.jpg\" \/>\n\t<meta property=\"og:image:width\" content=\"1600\" \/>\n\t<meta property=\"og:image:height\" content=\"1000\" \/>\n\t<meta property=\"og:image:type\" content=\"image\/jpeg\" \/>\n<meta name=\"twitter:card\" content=\"summary_large_image\" \/>\n<meta name=\"twitter:label1\" content=\"Dur\u00e9e de lecture estim\u00e9e\" \/>\n\t<meta name=\"twitter:data1\" content=\"1 minute\" \/>\n<script type=\"application\/ld+json\" class=\"yoast-schema-graph\">{\"@context\":\"https:\\\/\\\/schema.org\",\"@graph\":[{\"@type\":\"WebPage\",\"@id\":\"https:\\\/\\\/cusointernational.org\\\/fr\\\/travailler-chez-cuso\\\/\",\"url\":\"https:\\\/\\\/cusointernational.org\\\/fr\\\/travailler-chez-cuso\\\/\",\"name\":\"Travailler chez Cuso | Cuso International\",\"isPartOf\":{\"@id\":\"https:\\\/\\\/cusointernational.org\\\/fr\\\/#website\"},\"primaryImageOfPage\":{\"@id\":\"https:\\\/\\\/cusointernational.org\\\/fr\\\/travailler-chez-cuso\\\/#primaryimage\"},\"image\":{\"@id\":\"https:\\\/\\\/cusointernational.org\\\/fr\\\/travailler-chez-cuso\\\/#primaryimage\"},\"thumbnailUrl\":\"https:\\\/\\\/cusointernational.org\\\/wp-content\\\/uploads\\\/careers-hero.jpg\",\"datePublished\":\"2020-09-18T20:54:19+00:00\",\"dateModified\":\"2025-05-14T17:30:15+00:00\",\"description\":\"Cuso's development programs & international volunteers work to advance gender equality & improve economic opportunities for youth across four continents.\",\"breadcrumb\":{\"@id\":\"https:\\\/\\\/cusointernational.org\\\/fr\\\/travailler-chez-cuso\\\/#breadcrumb\"},\"inLanguage\":\"fr-FR\",\"potentialAction\":[{\"@type\":\"ReadAction\",\"target\":[\"https:\\\/\\\/cusointernational.org\\\/fr\\\/travailler-chez-cuso\\\/\"]}]},{\"@type\":\"ImageObject\",\"inLanguage\":\"fr-FR\",\"@id\":\"https:\\\/\\\/cusointernational.org\\\/fr\\\/travailler-chez-cuso\\\/#primaryimage\",\"url\":\"https:\\\/\\\/cusointernational.org\\\/wp-content\\\/uploads\\\/careers-hero.jpg\",\"contentUrl\":\"https:\\\/\\\/cusointernational.org\\\/wp-content\\\/uploads\\\/careers-hero.jpg\",\"width\":1600,\"height\":1000,\"caption\":\"Woman in front of colourful mural\"},{\"@type\":\"BreadcrumbList\",\"@id\":\"https:\\\/\\\/cusointernational.org\\\/fr\\\/travailler-chez-cuso\\\/#breadcrumb\",\"itemListElement\":[{\"@type\":\"ListItem\",\"position\":1,\"name\":\"Home\",\"item\":\"https:\\\/\\\/cusointernational.org\\\/fr\\\/\"},{\"@type\":\"ListItem\",\"position\":2,\"name\":\"Travailler chez Cuso International\"}]},{\"@type\":\"WebSite\",\"@id\":\"https:\\\/\\\/cusointernational.org\\\/fr\\\/#website\",\"url\":\"https:\\\/\\\/cusointernational.org\\\/fr\\\/\",\"name\":\"Cuso International\",\"description\":\"Connecting communities around the world with skilled Canadians to help end poverty\",\"potentialAction\":[{\"@type\":\"SearchAction\",\"target\":{\"@type\":\"EntryPoint\",\"urlTemplate\":\"https:\\\/\\\/cusointernational.org\\\/fr\\\/?s={search_term_string}\"},\"query-input\":{\"@type\":\"PropertyValueSpecification\",\"valueRequired\":true,\"valueName\":\"search_term_string\"}}],\"inLanguage\":\"fr-FR\"}]}<\/script>\n<!-- \/ Yoast SEO plugin. -->","yoast_head_json":{"title":"Travailler chez Cuso | Cuso International","description":"Cuso's development programs & international volunteers work to advance gender equality & improve economic opportunities for youth across four continents.","robots":{"index":"index","follow":"follow","max-snippet":"max-snippet:-1","max-image-preview":"max-image-preview:large","max-video-preview":"max-video-preview:-1"},"canonical":"https:\/\/cusointernational.org\/fr\/travailler-chez-cuso\/","og_locale":"fr_FR","og_type":"article","og_title":"Travailler chez Cuso | Cuso International","og_description":"Cuso's development programs & international volunteers work to advance gender equality & improve economic opportunities for youth across four continents.","og_url":"https:\/\/cusointernational.org\/fr\/travailler-chez-cuso\/","og_site_name":"Cuso International","article_modified_time":"2025-05-14T17:30:15+00:00","og_image":[{"width":1600,"height":1000,"url":"https:\/\/cusointernational.org\/wp-content\/uploads\/careers-hero.jpg","type":"image\/jpeg"}],"twitter_card":"summary_large_image","twitter_misc":{"Dur\u00e9e de lecture estim\u00e9e":"1 minute"},"schema":{"@context":"https:\/\/schema.org","@graph":[{"@type":"WebPage","@id":"https:\/\/cusointernational.org\/fr\/travailler-chez-cuso\/","url":"https:\/\/cusointernational.org\/fr\/travailler-chez-cuso\/","name":"Travailler chez Cuso | Cuso International","isPartOf":{"@id":"https:\/\/cusointernational.org\/fr\/#website"},"primaryImageOfPage":{"@id":"https:\/\/cusointernational.org\/fr\/travailler-chez-cuso\/#primaryimage"},"image":{"@id":"https:\/\/cusointernational.org\/fr\/travailler-chez-cuso\/#primaryimage"},"thumbnailUrl":"https:\/\/cusointernational.org\/wp-content\/uploads\/careers-hero.jpg","datePublished":"2020-09-18T20:54:19+00:00","dateModified":"2025-05-14T17:30:15+00:00","description":"Cuso's development programs & international volunteers work to advance gender equality & improve economic opportunities for youth across four continents.","breadcrumb":{"@id":"https:\/\/cusointernational.org\/fr\/travailler-chez-cuso\/#breadcrumb"},"inLanguage":"fr-FR","potentialAction":[{"@type":"ReadAction","target":["https:\/\/cusointernational.org\/fr\/travailler-chez-cuso\/"]}]},{"@type":"ImageObject","inLanguage":"fr-FR","@id":"https:\/\/cusointernational.org\/fr\/travailler-chez-cuso\/#primaryimage","url":"https:\/\/cusointernational.org\/wp-content\/uploads\/careers-hero.jpg","contentUrl":"https:\/\/cusointernational.org\/wp-content\/uploads\/careers-hero.jpg","width":1600,"height":1000,"caption":"Woman in front of colourful mural"},{"@type":"BreadcrumbList","@id":"https:\/\/cusointernational.org\/fr\/travailler-chez-cuso\/#breadcrumb","itemListElement":[{"@type":"ListItem","position":1,"name":"Home","item":"https:\/\/cusointernational.org\/fr\/"},{"@type":"ListItem","position":2,"name":"Travailler chez Cuso International"}]},{"@type":"WebSite","@id":"https:\/\/cusointernational.org\/fr\/#website","url":"https:\/\/cusointernational.org\/fr\/","name":"Cuso International","description":"Connecting communities around the world with skilled Canadians to help end poverty","potentialAction":[{"@type":"SearchAction","target":{"@type":"EntryPoint","urlTemplate":"https:\/\/cusointernational.org\/fr\/?s={search_term_string}"},"query-input":{"@type":"PropertyValueSpecification","valueRequired":true,"valueName":"search_term_string"}}],"inLanguage":"fr-FR"}]}},"_links":{"self":[{"href":"https:\/\/cusointernational.org\/fr\/wp-json\/wp\/v2\/pages\/36587","targetHints":{"allow":["GET"]}}],"collection":[{"href":"https:\/\/cusointernational.org\/fr\/wp-json\/wp\/v2\/pages"}],"about":[{"href":"https:\/\/cusointernational.org\/fr\/wp-json\/wp\/v2\/types\/page"}],"author":[{"embeddable":true,"href":"https:\/\/cusointernational.org\/fr\/wp-json\/wp\/v2\/users\/6"}],"replies":[{"embeddable":true,"href":"https:\/\/cusointernational.org\/fr\/wp-json\/wp\/v2\/comments?post=36587"}],"version-history":[{"count":0,"href":"https:\/\/cusointernational.org\/fr\/wp-json\/wp\/v2\/pages\/36587\/revisions"}],"wp:featuredmedia":[{"embeddable":true,"href":"https:\/\/cusointernational.org\/fr\/wp-json\/wp\/v2\/media\/32470"}],"wp:attachment":[{"href":"https:\/\/cusointernational.org\/fr\/wp-json\/wp\/v2\/media?parent=36587"}],"wp:term":[{"taxonomy":"post_tag","embeddable":true,"href":"https:\/\/cusointernational.org\/fr\/wp-json\/wp\/v2\/tags?post=36587"}],"curies":[{"name":"wp","href":"https:\/\/api.w.org\/{rel}","templated":true}]}}